{"id":10,"date":"2022-04-29T15:03:00","date_gmt":"2022-04-29T13:03:00","guid":{"rendered":"https:\/\/www.epoca.de\/blog\/?page_id=10"},"modified":"2024-09-24T11:54:51","modified_gmt":"2024-09-24T09:54:51","slug":"gestalte-deine-website-mit-bloecken","status":"publish","type":"page","link":"https:\/\/www.epoca.de\/blog\/","title":{"rendered":"EPOCA &#8211; stilechte Baudetails von Barock bis Bauhaus"},"content":{"rendered":"\n<h2 class=\"wp-block-heading has-large-font-size\" style=\"font-style:normal;font-weight:700\">Erlesene Gestaltungselemente f\u00fcr ganzheitliche L\u00f6sungen &#8211; von der Haust\u00fcr bis zum Lichtschalter.<\/h2>\n\n\n\n<div style=\"height:100px\" aria-hidden=\"true\" class=\"wp-block-spacer\"><\/div>\n\n\n\n<figure class=\"wp-block-gallery has-nested-images columns-default is-cropped wp-block-gallery-1 is-layout-flex wp-block-gallery-is-layout-flex\">\n<figure class=\"wp-block-image size-large\"><img loading=\"lazy\" decoding=\"async\" width=\"1853\" height=\"1390\" data-id=\"180\" src=\"https:\/\/www.epoca.de\/blog\/wp-content\/uploads\/2022\/10\/aussenlampe-mediterran-stehlampe-garten-1.jpg\" alt=\"\" class=\"wp-image-180\" srcset=\"https:\/\/www.epoca.de\/blog\/wp-content\/uploads\/2022\/10\/aussenlampe-mediterran-stehlampe-garten-1.jpg 1853w, https:\/\/www.epoca.de\/blog\/wp-content\/uploads\/2022\/10\/aussenlampe-mediterran-stehlampe-garten-1-300x225.jpg 300w, https:\/\/www.epoca.de\/blog\/wp-content\/uploads\/2022\/10\/aussenlampe-mediterran-stehlampe-garten-1-1024x768.jpg 1024w, https:\/\/www.epoca.de\/blog\/wp-content\/uploads\/2022\/10\/aussenlampe-mediterran-stehlampe-garten-1-768x576.jpg 768w, https:\/\/www.epoca.de\/blog\/wp-content\/uploads\/2022\/10\/aussenlampe-mediterran-stehlampe-garten-1-1536x1152.jpg 1536w\" sizes=\"auto, (max-width: 1853px) 100vw, 1853px\" \/><\/figure>\n\n\n\n<figure class=\"wp-block-image size-large\"><img loading=\"lazy\" decoding=\"async\" width=\"1291\" height=\"1291\" data-id=\"172\" src=\"https:\/\/www.epoca.de\/blog\/wp-content\/uploads\/2022\/10\/tuerklopfer-loewe-messing-antik-epoca.jpg\" alt=\"\" class=\"wp-image-172\" srcset=\"https:\/\/www.epoca.de\/blog\/wp-content\/uploads\/2022\/10\/tuerklopfer-loewe-messing-antik-epoca.jpg 1291w, https:\/\/www.epoca.de\/blog\/wp-content\/uploads\/2022\/10\/tuerklopfer-loewe-messing-antik-epoca-300x300.jpg 300w, https:\/\/www.epoca.de\/blog\/wp-content\/uploads\/2022\/10\/tuerklopfer-loewe-messing-antik-epoca-1024x1024.jpg 1024w, https:\/\/www.epoca.de\/blog\/wp-content\/uploads\/2022\/10\/tuerklopfer-loewe-messing-antik-epoca-150x150.jpg 150w, https:\/\/www.epoca.de\/blog\/wp-content\/uploads\/2022\/10\/tuerklopfer-loewe-messing-antik-epoca-768x768.jpg 768w\" sizes=\"auto, (max-width: 1291px) 100vw, 1291px\" \/><\/figure>\n\n\n\n<figure class=\"wp-block-image size-large\"><img loading=\"lazy\" decoding=\"async\" width=\"1392\" height=\"1727\" data-id=\"182\" src=\"https:\/\/www.epoca.de\/blog\/wp-content\/uploads\/2022\/10\/IMG_4544-1.jpg\" alt=\"\" class=\"wp-image-182\" srcset=\"https:\/\/www.epoca.de\/blog\/wp-content\/uploads\/2022\/10\/IMG_4544-1.jpg 1392w, https:\/\/www.epoca.de\/blog\/wp-content\/uploads\/2022\/10\/IMG_4544-1-242x300.jpg 242w, https:\/\/www.epoca.de\/blog\/wp-content\/uploads\/2022\/10\/IMG_4544-1-825x1024.jpg 825w, https:\/\/www.epoca.de\/blog\/wp-content\/uploads\/2022\/10\/IMG_4544-1-768x953.jpg 768w, https:\/\/www.epoca.de\/blog\/wp-content\/uploads\/2022\/10\/IMG_4544-1-1238x1536.jpg 1238w\" sizes=\"auto, (max-width: 1392px) 100vw, 1392px\" \/><\/figure>\n\n\n\n<figure class=\"wp-block-image size-large\"><img loading=\"lazy\" decoding=\"async\" width=\"2016\" height=\"1512\" data-id=\"170\" src=\"https:\/\/www.epoca.de\/blog\/wp-content\/uploads\/2022\/10\/gartenbrunnen-wasserhahn-garten-drache-antik-landhaus.jpg\" alt=\"\" class=\"wp-image-170\" srcset=\"https:\/\/www.epoca.de\/blog\/wp-content\/uploads\/2022\/10\/gartenbrunnen-wasserhahn-garten-drache-antik-landhaus.jpg 2016w, https:\/\/www.epoca.de\/blog\/wp-content\/uploads\/2022\/10\/gartenbrunnen-wasserhahn-garten-drache-antik-landhaus-300x225.jpg 300w, https:\/\/www.epoca.de\/blog\/wp-content\/uploads\/2022\/10\/gartenbrunnen-wasserhahn-garten-drache-antik-landhaus-1024x768.jpg 1024w, https:\/\/www.epoca.de\/blog\/wp-content\/uploads\/2022\/10\/gartenbrunnen-wasserhahn-garten-drache-antik-landhaus-768x576.jpg 768w, https:\/\/www.epoca.de\/blog\/wp-content\/uploads\/2022\/10\/gartenbrunnen-wasserhahn-garten-drache-antik-landhaus-1536x1152.jpg 1536w\" sizes=\"auto, (max-width: 2016px) 100vw, 2016px\" \/><\/figure>\n\n\n\n<figure class=\"wp-block-image size-large\"><img loading=\"lazy\" decoding=\"async\" width=\"2560\" height=\"1518\" data-id=\"168\" src=\"https:\/\/www.epoca.de\/blog\/wp-content\/uploads\/2022\/10\/IMG_2319-scaled.jpg\" alt=\"\" class=\"wp-image-168\" srcset=\"https:\/\/www.epoca.de\/blog\/wp-content\/uploads\/2022\/10\/IMG_2319-scaled.jpg 2560w, https:\/\/www.epoca.de\/blog\/wp-content\/uploads\/2022\/10\/IMG_2319-300x178.jpg 300w, https:\/\/www.epoca.de\/blog\/wp-content\/uploads\/2022\/10\/IMG_2319-1024x607.jpg 1024w, https:\/\/www.epoca.de\/blog\/wp-content\/uploads\/2022\/10\/IMG_2319-768x455.jpg 768w, https:\/\/www.epoca.de\/blog\/wp-content\/uploads\/2022\/10\/IMG_2319-1536x911.jpg 1536w, https:\/\/www.epoca.de\/blog\/wp-content\/uploads\/2022\/10\/IMG_2319-2048x1214.jpg 2048w\" sizes=\"auto, (max-width: 2560px) 100vw, 2560px\" \/><\/figure>\n<\/figure>\n\n\n\n<div class=\"wp-block-buttons is-layout-flex wp-block-buttons-is-layout-flex\"><\/div>\n\n\n\n<div style=\"height:100px\" aria-hidden=\"true\" class=\"wp-block-spacer\"><\/div>\n\n\n\n<div class=\"wp-block-columns is-layout-flex wp-container-core-columns-is-layout-9d6595d7 wp-block-columns-is-layout-flex\">\n<div class=\"wp-block-column is-layout-flow wp-block-column-is-layout-flow\" style=\"flex-basis:100%\">\n<p>Liebe Besucherinnen und liebe Besucher,<\/p>\n\n\n\n<p>wir freuen uns, dass Sie den Weg zu unseren historischen Gestaltungselementen gefunden haben. Neben unserem <a href=\"http:\/\/www.epoca.de\">Shop<\/a>, der Sie auf eine Reise rund um das Haus einl\u00e4dt, von der Gartenlampe \u00fcber den Haust\u00fcrgriff bis zu den Lichtschaltern gibt es hier im EPOCA Blog Informatives, N\u00fctzliches oder Inspirierendes rund um unsere Produkte.<\/p>\n\n\n\n<p><\/p>\n\n\n\n<p>Ihr EPOCA Team<\/p>\n\n\n\n<div style=\"height:100px\" aria-hidden=\"true\" class=\"wp-block-spacer\"><\/div>\n\n\n\n<div style=\"height:0px\" aria-hidden=\"true\" class=\"wp-block-spacer\"><\/div>\n\n\n\n<div class=\"wp-block-buttons is-layout-flex wp-block-buttons-is-layout-flex\">\n<div class=\"wp-block-button\"><a class=\"wp-block-button__link wp-element-button\" href=\"https:\/\/www.epoca.de\/newsletter.php\">NEWSLETTER<\/a><\/div>\n\n\n<\/div>\n<\/div>\n<\/div>\n\n\n\n<p>Verpassen Sie nicht unsere neuesten Produkte, frische Inspirationen und saisonale Aktionen mit unserem Newsletter!<\/p>\n","protected":false},"excerpt":{"rendered":"<p>Erlesene Gestaltungselemente f\u00fcr ganzheitliche L\u00f6sungen &#8211; von der Haust\u00fcr bis zum Lichtschalter. Liebe Besucherinnen und liebe Besucher, wir freuen uns, dass Sie den Weg zu unseren historischen Gestaltungselementen gefunden haben. Neben unserem Shop, der Sie auf eine Reise rund um das Haus einl\u00e4dt, von der Gartenlampe \u00fcber den Haust\u00fcrgriff bis zu den Lichtschaltern gibt es&hellip; <a class=\"more-link\" href=\"https:\/\/www.epoca.de\/blog\/\"><span class=\"screen-reader-text\">EPOCA &#8211; stilechte Baudetails von Barock bis Bauhaus<\/span> weiterlesen<\/a><\/p>\n","protected":false},"author":1,"featured_media":171,"parent":0,"menu_order":0,"comment_status":"closed","ping_status":"closed","template":"","meta":{"footnotes":""},"class_list":["post-10","page","type-page","status-publish","has-post-thumbnail","hentry","entry"],"_links":{"self":[{"href":"https:\/\/www.epoca.de\/blog\/wp-json\/wp\/v2\/pages\/10","targetHints":{"allow":["GET"]}}],"collection":[{"href":"https:\/\/www.epoca.de\/blog\/wp-json\/wp\/v2\/pages"}],"about":[{"href":"https:\/\/www.epoca.de\/blog\/wp-json\/wp\/v2\/types\/page"}],"author":[{"embeddable":true,"href":"https:\/\/www.epoca.de\/blog\/wp-json\/wp\/v2\/users\/1"}],"replies":[{"embeddable":true,"href":"https:\/\/www.epoca.de\/blog\/wp-json\/wp\/v2\/comments?post=10"}],"version-history":[{"count":67,"href":"https:\/\/www.epoca.de\/blog\/wp-json\/wp\/v2\/pages\/10\/revisions"}],"predecessor-version":[{"id":379,"href":"https:\/\/www.epoca.de\/blog\/wp-json\/wp\/v2\/pages\/10\/revisions\/379"}],"wp:featuredmedia":[{"embeddable":true,"href":"https:\/\/www.epoca.de\/blog\/wp-json\/wp\/v2\/media\/171"}],"wp:attachment":[{"href":"https:\/\/www.epoca.de\/blog\/wp-json\/wp\/v2\/media?parent=10"}],"curies":[{"name":"wp","href":"https:\/\/api.w.org\/{rel}","templated":true}]}}